{"id":130,"date":"2023-08-09T12:30:23","date_gmt":"2023-08-09T10:30:23","guid":{"rendered":"https:\/\/parafianiedzieliska.pl\/?page_id=130"},"modified":"2023-08-16T09:49:04","modified_gmt":"2023-08-16T07:49:04","slug":"sakrament-pokuty-i-pojednania","status":"publish","type":"page","link":"https:\/\/parafianiedzieliska.pl\/?page_id=130","title":{"rendered":"Sakrament pokuty i pojednania"},"content":{"rendered":"\n<figure class=\"wp-block-image size-full is-resized\"><img loading=\"lazy\" decoding=\"async\" src=\"https:\/\/parafianiedzieliska.pl\/wp-content\/uploads\/2023\/08\/obraz_2023-08-16_094845865.png\" alt=\"\" class=\"wp-image-349\" style=\"width:267px;height:267px\" width=\"267\" height=\"267\" srcset=\"https:\/\/parafianiedzieliska.pl\/wp-content\/uploads\/2023\/08\/obraz_2023-08-16_094845865.png 612w, https:\/\/parafianiedzieliska.pl\/wp-content\/uploads\/2023\/08\/obraz_2023-08-16_094845865-300x300.png 300w, https:\/\/parafianiedzieliska.pl\/wp-content\/uploads\/2023\/08\/obraz_2023-08-16_094845865-150x150.png 150w, https:\/\/parafianiedzieliska.pl\/wp-content\/uploads\/2023\/08\/obraz_2023-08-16_094845865-80x80.png 80w, https:\/\/parafianiedzieliska.pl\/wp-content\/uploads\/2023\/08\/obraz_2023-08-16_094845865-320x320.png 320w\" sizes=\"auto, (max-width: 267px) 100vw, 267px\" \/><\/figure>\n\n\n\n<p>Sakrament pokuty ustanowi\u0142 Pan Jezus w dniu zmartwychwstania, gdy stan\u0105\u0142 w\u015br\u00f3d Aposto\u0142\u00f3w w Wieczerniku, tchn\u0105\u0142 na nich i powiedzia\u0142: <strong>\u201eWe\u017amijcie Ducha \u015awi\u0119tego! Kt\u00f3rym odpu\u015bcicie grzechy, s\u0105 im odpuszczone, a kt\u00f3rym zatrzymacie, s\u0105 im zatrzymane\u201d<\/strong> (J 20, 19-23).<\/p>\n\n\n\n<p>W sakramencie pokuty B\u00f3g przebacza grzechy pope\u0142nione po chrzcie \u015bwi\u0119tym, przez rozgrzeszenie kap\u0142a\u0144skie. Sakrament ten nazywany jest tak\u017ce:<\/p>\n\n\n\n<p>\u2013 sakramentem nawr\u00f3cenia,<\/p>\n\n\n\n<p>\u2013 spowiedzi\u0105 \u015bwi\u0119ta,<\/p>\n\n\n\n<p>\u2013 sakramentem pojednania.<\/p>\n\n\n\n<p>Sakrament pokuty sk\u0142ada si\u0119 z trzech akt\u00f3w penitenta oraz z rozgrzeszenia kap\u0142a\u0144skiego. Aktami penitenta s\u0105:<\/p>\n\n\n\n<p>\u2013 \u017cal za grzechy \u2013 (skrucha) jest to bole\u015b\u0107 duszy z powodu obra\u017cenia Pana Boga, najlepszego Ojca. Je\u017celi \u017ar\u00f3d\u0142em \u017calu jest mi\u0142o\u015b\u0107 do Boga, wtedy \u017cal jest \u201edoskona\u0142ym\u201d; je\u015bli opiera si\u0119 na innych motywach, wtedy nazywamy go \u201eniedoskona\u0142ym\u201d.<\/p>\n\n\n\n<p>\u2013 spowied\u017a przed kap\u0142anem \u2013 jest to wyznanie przed kap\u0142anem wszystkich grzech\u00f3w ci\u0119\u017ckich, kt\u00f3rych penitent jeszcze nie wyzna\u0142, a kt\u00f3re przypomnia\u0142 sobie po starannym zbadaniu swego sumienia. Wyznanie grzech\u00f3w powszednich nie jest samo w sobie konieczne, niemniej jest przez Ko\u015bci\u00f3\u0142 \u017cywo zalecane.<\/p>\n\n\n\n<p>\u2013 postanowienie wype\u0142nienia zado\u015b\u0107uczynienia \u2013 kap\u0142an na spowiedzi zadaje penitentowi wype\u0142nienie pewnych czyn\u00f3w \u201ezado\u015b\u0107uczynienia\u201d lub \u201epokuty\u201d, by wynagrodzi\u0142 szkody spowodowane przez grzech i post\u0119powa\u0142 w spos\u00f3b godny ucznia Chrystusa.<\/p>\n\n\n\n<p>Skutkami duchowymi sakramentu pokuty s\u0105:<\/p>\n\n\n\n<p>\u2013 pojednanie z Bogiem, przez kt\u00f3re penitent odzyska\u0142 \u0142ask\u0119 Bo\u017c\u0105,<\/p>\n\n\n\n<p>\u2013 pojednanie z Ko\u015bcio\u0142em,<\/p>\n\n\n\n<p>\u2013 darowanie kary wiecznej, zwi\u0105zanej z grzechami \u015bmiertelnymi,<\/p>\n\n\n\n<p>\u2013 darowanie, przynajmniej cz\u0119\u015bciowe, kar doczesnych, b\u0119d\u0105cych skutkiem grzech\u00f3w<\/p>\n\n\n\n<p>\u2013 pok\u00f3j i pogoda sumienia oraz pociecha duchowa,<\/p>\n\n\n\n<p>\u2013 wzrost si\u0142 duchowych do walki ze z\u0142em.<\/p>\n\n\n\n<p><strong>Indywidualna i kompletna spowied\u017a z grzech\u00f3w ci\u0119\u017ckich oraz rozgrzeszenie, stanowi\u0105 jedyny zwyczajny spos\u00f3b pojednania si\u0119 z Bogiem i Ko\u015bcio\u0142em.<\/strong><\/p>\n\n\n\n<p>Drog\u0119 powrotu do Boga nazywamy nawr\u00f3ceniem si\u0119 od pope\u0142nionych grzech\u00f3w oraz mocne postanowienie poprawy na przysz\u0142o\u015b\u0107. \u0179r\u00f3d\u0142em nawr\u00f3cenia jest nadzieja na mi\u0142osierdzie Bo\u017ce.<\/p>\n","protected":false},"excerpt":{"rendered":"<p>Sakrament pokuty ustanowi\u0142 Pan Jezus w dniu zmartwychwstania, gdy stan\u0105\u0142 w\u015br\u00f3d Aposto\u0142\u00f3w w Wieczerniku, tchn\u0105\u0142 na nich i powiedzia\u0142: \u201eWe\u017amijcie Ducha \u015awi\u0119tego! Kt\u00f3rym odpu\u015bcicie grzechy, s\u0105 im odpuszczone, a kt\u00f3rym zatrzymacie, s\u0105 im zatrzymane\u201d&#46;&#46;&#46;<\/p>\n","protected":false},"author":1,"featured_media":0,"parent":0,"menu_order":0,"comment_status":"closed","ping_status":"closed","template":"","meta":{"_eb_attr":"","footnotes":""},"class_list":["post-130","page","type-page","status-publish","hentry"],"_links":{"self":[{"href":"https:\/\/parafianiedzieliska.pl\/index.php?rest_route=\/wp\/v2\/pages\/130","targetHints":{"allow":["GET"]}}],"collection":[{"href":"https:\/\/parafianiedzieliska.pl\/index.php?rest_route=\/wp\/v2\/pages"}],"about":[{"href":"https:\/\/parafianiedzieliska.pl\/index.php?rest_route=\/wp\/v2\/types\/page"}],"author":[{"embeddable":true,"href":"https:\/\/parafianiedzieliska.pl\/index.php?rest_route=\/wp\/v2\/users\/1"}],"replies":[{"embeddable":true,"href":"https:\/\/parafianiedzieliska.pl\/index.php?rest_route=%2Fwp%2Fv2%2Fcomments&post=130"}],"version-history":[{"count":3,"href":"https:\/\/parafianiedzieliska.pl\/index.php?rest_route=\/wp\/v2\/pages\/130\/revisions"}],"predecessor-version":[{"id":350,"href":"https:\/\/parafianiedzieliska.pl\/index.php?rest_route=\/wp\/v2\/pages\/130\/revisions\/350"}],"wp:attachment":[{"href":"https:\/\/parafianiedzieliska.pl\/index.php?rest_route=%2Fwp%2Fv2%2Fmedia&parent=130"}],"curies":[{"name":"wp","href":"https:\/\/api.w.org\/{rel}","templated":true}]}}