{"id":127,"date":"2023-08-09T12:27:38","date_gmt":"2023-08-09T10:27:38","guid":{"rendered":"https:\/\/parafianiedzieliska.pl\/?page_id=127"},"modified":"2023-08-17T19:07:04","modified_gmt":"2023-08-17T17:07:04","slug":"modlitwy","status":"publish","type":"page","link":"https:\/\/parafianiedzieliska.pl\/?page_id=127","title":{"rendered":"Modlitwy"},"content":{"rendered":"\n<h1 class=\"wp-block-heading\">LITANIA DO \u015aW. FELIKSA<\/h1>\n\n\n\n<p>Wspomnienie \u015bw Feliksa przypada na 18 maja<br>Kyrie elejson, Chryste elejson, Kyrie elejson.<br>Chryste us\u0142ysz nas, Chryste wys\u0142uchaj nas.<br>Ojcze z nieba Bo\u017ce,&nbsp;<strong>zmi\u0142uj si\u0119 nad nami.<\/strong><br>Synu Odkupicielu \u015bwiata Bo\u017ce,&nbsp;<strong>zmi\u0142uj si\u0119 nad nami.<\/strong><br>Duchu \u015awi\u0119ty Bo\u017ce,&nbsp;<strong>zmi\u0142uj si\u0119 nad nami.<\/strong><br>\u015awi\u0119ta Tr\u00f3jco, Jedyny Bo\u017ce,&nbsp;<strong>zmi\u0142uj si\u0119 nad nami.<\/strong><\/p>\n\n\n\n<p>\u015awi\u0119ta Maryjo,&nbsp;<strong>m\u00f3dl si\u0119 za nami&nbsp;<\/strong><br>\u015awi\u0119ta Panno nad pannami,&nbsp;<strong>m\u00f3dl si\u0119 za nami&nbsp;<\/strong><br>\u015awi\u0119ty Ojcze Franciszku,&nbsp;<strong>m\u00f3dl si\u0119 za nami&nbsp;<\/strong><br>\u015awi\u0119ty Feliksie, Duchowny synu \u015bw. Franciszka,&nbsp;<strong>m\u00f3dl si\u0119 za nami&nbsp;<\/strong><br>\u015awi\u0119ty Feliksie, Z pobo\u017cnych rodzic\u00f3w zrodzony,&nbsp;<strong>m\u00f3dl si\u0119 za nami&nbsp;<\/strong><br>\u015awi\u0119ty Feliksie, Niebiesk\u0105 m\u0105dro\u015bci\u0105 nape\u0142niony,&nbsp;<strong>m\u00f3dl si\u0119 za nami&nbsp;<\/strong><br>\u015awi\u0119ty Feliksie, Anielsk\u0105 pomoc\u0105 posilony,&nbsp;<strong>m\u00f3dl si\u0119 za nami&nbsp;<\/strong><br>\u015awi\u0119ty Feliksie, Do zakonu \u015bwi\u0119tego Franciszka wezwany,&nbsp;<strong>m\u00f3dl si\u0119 za nami&nbsp;<\/strong><br>\u015awi\u0119ty Feliksie, Mi\u0142o\u015bniku czysto\u015bci,&nbsp;<strong>m\u00f3dl si\u0119 za nami&nbsp;<\/strong><br>\u015awi\u0119ty Feliksie, Na\u015bladowco naj\u015bci\u015blejszego ub\u00f3stwa,&nbsp;<strong>m\u00f3dl si\u0119 za nami&nbsp;<\/strong><br>\u015awi\u0119ty Feliksie, Zwierciad\u0142o pos\u0142usze\u0144stwa,&nbsp;<strong>m\u00f3dl si\u0119 za nami&nbsp;<\/strong><br>\u015awi\u0119ty Feliksie, Wzorze wstrzemi\u0119\u017aliwo\u015bci,&nbsp;<strong>m\u00f3dl si\u0119 za nami&nbsp;<\/strong><br>\u015awi\u0119ty Feliksie, R\u00f3\u017co cierpliwo\u015bci,&nbsp;<strong>m\u00f3dl si\u0119 za nami&nbsp;<\/strong><br>\u015awi\u0119ty Feliksie, Uzdrowienie chorych,&nbsp;<strong>m\u00f3dl si\u0119 za nami&nbsp;<\/strong><br>\u015awi\u0119ty Feliksie, Pocieszycielu strapionych,&nbsp;<strong>m\u00f3dl si\u0119 za nami&nbsp;<\/strong><br>\u015awi\u0119ty Feliksie, Proroku przysz\u0142ych rzeczy,&nbsp;<strong>m\u00f3dl si\u0119 za nami&nbsp;<\/strong><br>\u015awi\u0119ty Feliksie, Wzgardzicielu \u015bwiata,&nbsp;<strong>m\u00f3dl si\u0119 za nami&nbsp;<\/strong><br>\u015awi\u0119ty Feliksie, Skarbnico cn\u00f3t \u015bwi\u0119tych,&nbsp;<strong>m\u00f3dl si\u0119 za nami&nbsp;<\/strong><br>\u015awi\u0119ty Feliksie, Wyznawco Imienia Jezusowego,&nbsp;<strong>m\u00f3dl si\u0119 za nami&nbsp;<\/strong><br>\u015awi\u0119ty Feliksie, Postrachu szata\u0144stwa,&nbsp;<strong>m\u00f3dl si\u0119 za nami&nbsp;<\/strong><br>\u015awi\u0119ty Feliksie, Uwolnienie op\u0119tanych,&nbsp;<strong>m\u00f3dl si\u0119 za nami&nbsp;<\/strong><br>\u015awi\u0119ty Feliksie, Wskrzesicielu umar\u0142ych,&nbsp;<strong>m\u00f3dl si\u0119 za nami&nbsp;<\/strong><br>\u015awi\u0119ty Feliksie, Ustawiczny sprawco cud\u00f3w,&nbsp;<strong>m\u00f3dl si\u0119 za nami&nbsp;<\/strong><br>\u015awi\u0119ty Feliksie, Przez \u017cyw\u0105 wiar\u0119 twoj\u0105,&nbsp;<strong>m\u00f3dl si\u0119 za nami&nbsp;<\/strong><br>\u015awi\u0119ty Feliksie Przez namaszczenie z trumny twojej olejkiem p\u0142yn\u0105cym przywr\u00f3cicielu zdrowia,<br>\u015awi\u0119ty Feliksie Osobliwy patronie po\u017c\u0105danej szcz\u0119\u015bliwo\u015bci,&nbsp;<strong>m\u00f3dl si\u0119 za nami&nbsp;<\/strong><br>\u015awi\u0119ty Feliksie Wspomo\u017cycielu i Obro\u0144co nasz,&nbsp;<strong>m\u00f3dl si\u0119 za nami&nbsp;<\/strong><br>\u015awi\u0119ty Feliksie Opiekunie chorych i konaj\u0105cych,&nbsp;<strong>m\u00f3dl si\u0119 za nami&nbsp;<\/strong><br>\u015awi\u0119ty Feliksie, Stroskanych matek pociecho,&nbsp;<strong>m\u00f3dl si\u0119 za nami&nbsp;<\/strong><\/p>\n\n\n\n<p>B\u0105d\u017a nam mi\u0142o\u015bciw,<strong>&nbsp;przepu\u015b\u0107 nam Panie.<\/strong><br>B\u0105d\u017a nam mi\u0142o\u015bciw,&nbsp;<strong>wys\u0142uchaj nas Panie.<\/strong><br>B\u0105d\u017a nam mi\u0142o\u015bciw,&nbsp;<strong>wybaw nas Panie.<\/strong><\/p>\n\n\n\n<p>Od gniewu Twego,&nbsp;<strong>wybaw nas Panie.<\/strong><br>Od side\u0142 szata\u0144skich,&nbsp;<strong>wybaw nas Panie.<\/strong><br>Od ci\u0119\u017ckiej choroby i wszelkiej s\u0142abo\u015bci,&nbsp;<strong>wybaw nas Panie.<\/strong><br>Od nag\u0142ej \u015bmierci i wiecznego pot\u0119pienia,&nbsp;<strong>wybaw nas Panie.<\/strong><br>Przez zas\u0142ugi \u015bwi\u0119tego Feliksa,&nbsp;<strong>wybaw nas Panie.<\/strong><br>W dzie\u0144 s\u0105du Twego,&nbsp;<strong>wybaw nas Panie.<\/strong><\/p>\n\n\n\n<p>My grzeszni Ciebie prosimy,&nbsp;<strong>wys\u0142uchaj nas Panie.<\/strong><br>Aby\u015b nam grzechy odpu\u015bci\u0107 raczy\u0142,&nbsp;<strong>wys\u0142uchaj nas Panie.<\/strong><br>Aby\u015b karanie od nas oddali\u0107 raczy\u0142,&nbsp;<strong>wys\u0142uchaj nas Panie.<\/strong><br>Aby\u015b nas do prawdziwej pokuty przyprowadzi\u0107 raczy\u0142,&nbsp;<strong>wys\u0142uchaj nas Panie.<\/strong><br>Aby\u015b Boskiej mi\u0142o\u015bci ogie\u0144 w nas roz\u017carzy\u0107 raczy\u0142,&nbsp;<strong>wys\u0142uchaj nas Panie.<\/strong><br>Aby\u015b zas\u0142ug i przyczyn \u015bw. Feliksa nas uczestnikami uczyni\u0107 raczy\u0142,&nbsp;<strong>wys\u0142uchaj nas Panie.<\/strong><br>Aby\u015b wszystkim czcicielom \u015bw. Feliksa mi\u0142o\u015bciwym by\u0107 raczy\u0142,&nbsp;<strong>wys\u0142uchaj nas Panie.<\/strong><br>Aby\u015b nas wys\u0142ucha\u0107 raczy\u0142, prosimy Cie,&nbsp;<strong>wys\u0142uchaj nas Panie.<\/strong><br>Synu Bo\u017cy, Ciebie prosimy,&nbsp;<strong>wys\u0142uchaj nas Panie.<\/strong><\/p>\n\n\n\n<p>Baranku Bo\u017cy, kt\u00f3ry g\u0142adzisz grzechy \u015bwiata,&nbsp;<strong>przepu\u015b\u0107 nam Panie.<\/strong><br>Baranku Bo\u017cy, kt\u00f3ry g\u0142adzisz grzechy \u015bwiata,&nbsp;<strong>wys\u0142uchaj nas Panie.<\/strong><br>Baranku Bo\u017cy, kt\u00f3ry g\u0142adzisz grzechy \u015bwiata,&nbsp;<strong>zmi\u0142uj si\u0119 nad nami.<\/strong><\/p>\n\n\n\n<p><strong>Modlitwa:<\/strong><\/p>\n\n\n\n<p>Bo\u017ce, kt\u00f3ry\u015b b\u0142ogos\u0142awionemu Feliksowi, wyznawcy Twojemu, ewangeliczn\u0105 prostot\u0105 i \u017cycia niewinno\u015bci\u0105 w ko\u015bciele Twoim ja\u015bnie\u0107 dozwoli\u0142, spraw, aby\u015bmy przyk\u0142adami i pro\u015bbami Jego nauczeni i wspomo\u017ceni, do Jezusa Chrystusa, kt\u00f3rego On na ziemi, w duchu, na r\u0119kach swych piastowa\u0142, szcz\u0119\u015bliwie przyj\u015b\u0107 mogli. Przez tego\u017c Chrystusa kt\u00f3ry z Tob\u0105 \u017cyje i kr\u00f3luje na wieki. Amen.<\/p>\n\n\n\n<h3 class=\"wp-block-heading\"><strong>Modlitwa za wstawiennictwem<\/strong>&nbsp;<strong>\u015bw. Micha\u0142a Archanio\u0142a<\/strong><\/h3>\n\n\n\n<p>\u015awi\u0119ty Michale Archaniele! Wspomagaj nas w walce,<br>a przeciw niegodziwo\u015bci i zasadzkom z\u0142ego ducha b\u0105d\u017a nasz\u0105 obron\u0105.<br>Oby&nbsp;go B\u00f3g pogromi\u0107 raczy\u0142, pokornie o to prosimy, aTy, Wodzu niebieskich zast\u0119p\u00f3w,<br>szatana i inne duchy z\u0142e, kt\u00f3re na zgub\u0119 dusz ludzkich po tym \u015bwiecie kr\u0105\u017c\u0105,<br>moc\u0105 Bo\u017c\u0105 str\u0105\u0107 do piek\u0142a. Amen.<\/p>\n\n\n\n<h3 class=\"wp-block-heading\"><strong>Modlitwa poranna<\/strong><\/h3>\n\n\n\n<p>\u015awi\u0119ty Michale Archaniele, kt\u00f3ry w brzasku swego istnienia wybra\u0142e\u015b Boga i ca\u0142kowicie odda\u0142e\u015b si\u0119 spe\u0142nianiu Jego \u015bwi\u0119tej woli. Wstaw si\u0119 za mn\u0105 do Stw\u00f3rcy, abym dzisiaj, za Twoim przyk\u0142adem, na pocz\u0105tku nowego dnia, otwieraj\u0105c si\u0119 na dzia\u0142anie Ducha \u015awi\u0119tego, w ka\u017cdej chwili dawa\u0142 si\u0119 Bogu, wype\u0142niaj\u0105c z mi\u0142o\u015bci\u0105 Jego \u015bwi\u0119t\u0105 wol\u0119.<br><br>Niech razem z Tob\u0105 wo\u0142am bez ustanku: Kt\u00f3\u017c jak B\u00f3g! Przez Chrystusa Pana naszego. Amen.<\/p>\n\n\n\n<h3 class=\"wp-block-heading\"><strong>Pro\u015bba o pokor\u0119<\/strong><\/h3>\n\n\n\n<p>\u015awi\u0119ty Michale Archaniele, pogromco szatana, ducha pychy, pom\u00f3\u017c mi zwalczy\u0107 m\u00f3j egoizm, kt\u00f3ry nie chce podda\u0107 si\u0119 Bogu i Jego \u015bwi\u0119tej woli.<br>Wstawiaj si\u0119 za mn\u0105 do Pana, abym zachwycony Bogiem wo\u0142a\u0142 do Niego w ka\u017cdej chwili mego \u017cycia: Kt\u00f3\u017c jak B\u00f3g! Amen.<\/p>\n\n\n\n<h3 class=\"wp-block-heading\"><strong>Akt po\u015bwi\u0119cenia si\u0119 \u015bw. Micha\u0142owi Archanio\u0142owi<\/strong><\/h3>\n\n\n\n<p>O wielki Ksi\u0105\u017c\u0119 niebieski, najwierniejszy str\u00f3\u017cu Ko\u015bcio\u0142a, \u015bwi\u0119ty Michale Archaniele, oto ja, chocia\u017c bardzo niegodny Twego oblicza jednak ufaj\u0105c Twojej dobroci, powodowany pot\u0119\u017cnym wp\u0142ywem Twoich modlitw i licznymi twymi dobrodziejstwami, staj\u0119 przed Tob\u0105 w towarzystwie mego anio\u0142a str\u00f3\u017ca i w obecno\u015bci wszystkich anio\u0142\u00f3w niebieskich, kt\u00f3rych bior\u0119 za \u015bwiadk\u00f3w mego nabo\u017ce\u0144stwa ku Tobie, Ciebie dzi\u015b obieram za swego szczeg\u00f3lnego obro\u0144c\u0119 i or\u0119downika.<br><br>Postanawiam sobie mocno czci\u0107 Ci\u0119 zawsze, b\u0105d\u017a przy mnie przez ca\u0142e \u017cycie moje, abym nigdy nie obrazi\u0142 Pana Boga my\u015bl\u0105, s\u0142owem lub uczynkiem. Bro\u0144 mnie przeciw wszystkim pokusom szata\u0144skim, g\u0142\u00f3wnie atakuj\u0105cym wiar\u0119 i czysto\u015b\u0107, a w godzin\u0119 \u015bmierci upro\u015b pok\u00f3j mej duszy i zaprowad\u017a mnie do ojczyzny wiecznej.<br>Amen.<\/p>\n\n\n\n<h3 class=\"wp-block-heading\"><strong>Modlitwa za wstawiennictwem\u015bw. Micha\u0142a Archanio\u0142a<\/strong><br><strong>(wersja skr\u00f3cona modlitwy Leona XIII)<\/strong><\/h3>\n\n\n\n<p>\u015awi\u0119ty Michale Archaniele, Ksi\u0105\u017c\u0119 i Wodzu zast\u0119p\u00f3w anielskich, przybywaj na pomoc ludziom zagro\u017conym przez moce ciemno\u015bci. Zostali\u015bmy stworzeni na obraz Boga, odkupieni \u017cyciem, \u015bmierci\u0105 i zmartwychwstaniem Jezusa Chrystusa, a przez chrzest stali\u015bmy si\u0119 \u015bwi\u0105tyni\u0105 Ducha \u015awi\u0119tego. Upro\u015b nam \u0142ask\u0119 wierno\u015bci, by\u015bmy tej godno\u015bci w sobie strzegli, nawet w najci\u0119\u017cszych pokusach szata\u0144skich. W Tobie, \u015bwi\u0119ty Michale, Ko\u015bci\u00f3\u0142 ma swego Str\u00f3\u017ca i Obro\u0144c\u0119.<\/p>\n\n\n\n<p>Ty prowadzisz ochrzczonych do niebieskiej szcz\u0119\u015bliwo\u015bci. B\u0142agaj Boga, Dawc\u0119 Pokoju, aby zniweczy\u0142 moc szatana, siewcy zam\u0119tu i nie dozwoli\u0142 mu trzyma\u0107 ludzi w niewoli grzechu, ani szkodzi\u0107 Ko\u015bcio\u0142owi. Obro\u0144co chwa\u0142y Najwy\u017cszego! Zanie\u015b nasze pro\u015bby do Boga i wyjednaj nam Jego mi\u0142osierdzie. Amen.<\/p>\n\n\n\n<p><\/p>\n","protected":false},"excerpt":{"rendered":"<p>LITANIA DO \u015aW. FELIKSA Wspomnienie \u015bw Feliksa przypada na 18 majaKyrie elejson, Chryste elejson, Kyrie elejson.Chryste us\u0142ysz nas, Chryste wys\u0142uchaj nas.Ojcze z nieba Bo\u017ce,&nbsp;zmi\u0142uj si\u0119 nad nami.Synu Odkupicielu \u015bwiata Bo\u017ce,&nbsp;zmi\u0142uj si\u0119 nad nami.Duchu \u015awi\u0119ty&#46;&#46;&#46;<\/p>\n","protected":false},"author":1,"featured_media":0,"parent":0,"menu_order":0,"comment_status":"closed","ping_status":"closed","template":"","meta":{"_eb_attr":"","footnotes":""},"class_list":["post-127","page","type-page","status-publish","hentry"],"_links":{"self":[{"href":"https:\/\/parafianiedzieliska.pl\/index.php?rest_route=\/wp\/v2\/pages\/127","targetHints":{"allow":["GET"]}}],"collection":[{"href":"https:\/\/parafianiedzieliska.pl\/index.php?rest_route=\/wp\/v2\/pages"}],"about":[{"href":"https:\/\/parafianiedzieliska.pl\/index.php?rest_route=\/wp\/v2\/types\/page"}],"author":[{"embeddable":true,"href":"https:\/\/parafianiedzieliska.pl\/index.php?rest_route=\/wp\/v2\/users\/1"}],"replies":[{"embeddable":true,"href":"https:\/\/parafianiedzieliska.pl\/index.php?rest_route=%2Fwp%2Fv2%2Fcomments&post=127"}],"version-history":[{"count":3,"href":"https:\/\/parafianiedzieliska.pl\/index.php?rest_route=\/wp\/v2\/pages\/127\/revisions"}],"predecessor-version":[{"id":353,"href":"https:\/\/parafianiedzieliska.pl\/index.php?rest_route=\/wp\/v2\/pages\/127\/revisions\/353"}],"wp:attachment":[{"href":"https:\/\/parafianiedzieliska.pl\/index.php?rest_route=%2Fwp%2Fv2%2Fmedia&parent=127"}],"curies":[{"name":"wp","href":"https:\/\/api.w.org\/{rel}","templated":true}]}}