{"id":116,"date":"2023-08-09T12:22:48","date_gmt":"2023-08-09T10:22:48","guid":{"rendered":"https:\/\/parafianiedzieliska.pl\/?page_id=116"},"modified":"2023-08-12T19:05:17","modified_gmt":"2023-08-12T17:05:17","slug":"malzenstwo","status":"publish","type":"page","link":"https:\/\/parafianiedzieliska.pl\/?page_id=116","title":{"rendered":"\u015alub"},"content":{"rendered":"\n<figure class=\"wp-block-image size-full is-resized\"><img loading=\"lazy\" decoding=\"async\" src=\"http:\/\/parafianiedzieliska.pl\/wp-content\/uploads\/2023\/08\/obraz_2023-08-10_130928983.png\" alt=\"\" class=\"wp-image-221\" style=\"width:316px;height:179px\" width=\"316\" height=\"179\" srcset=\"https:\/\/parafianiedzieliska.pl\/wp-content\/uploads\/2023\/08\/obraz_2023-08-10_130928983.png 631w, https:\/\/parafianiedzieliska.pl\/wp-content\/uploads\/2023\/08\/obraz_2023-08-10_130928983-300x169.png 300w\" sizes=\"auto, (max-width: 316px) 100vw, 316px\" \/><\/figure>\n\n\n\n<p>Protok\u00f3\u0142 Przed\u015blubny<\/p>\n\n\n\n<p>Nale\u017cy zg\u0142osi\u0107 si\u0119 do kancelarii co najmniej 3 miesi\u0105ce przed planowanym \u015blubem.<\/p>\n\n\n\n<p>Wymagane dokumenty:<\/p>\n\n\n\n<p>Dowody osobiste<\/p>\n\n\n\n<p>Metryki Chrztu wydane nie wcze\u015bniej ni\u017c 4 miesi\u0105ce \u2013 je\u015bli chrzest by\u0142 poza parafi\u0105<\/p>\n\n\n\n<p>\u015awiadectwa z kursu przedma\u0142\u017ce\u0144skiego<\/p>\n\n\n\n<p>\u015awiadectwa z religii z ostatniej klasy<\/p>\n\n\n\n<p>Za\u015bwiadczenie z USC (Urz\u0119du Stanu Cywilnego) potwierdzaj\u0105ce brak przeszk\u00f3d wynikaj\u0105cych z prawa pa\u0144stwowego (3 egzemplarze \u2013 A4)<\/p>\n","protected":false},"excerpt":{"rendered":"<p>Protok\u00f3\u0142 Przed\u015blubny Nale\u017cy zg\u0142osi\u0107 si\u0119 do kancelarii co najmniej 3 miesi\u0105ce przed planowanym \u015blubem. Wymagane dokumenty: Dowody osobiste Metryki Chrztu wydane nie wcze\u015bniej ni\u017c 4 miesi\u0105ce \u2013 je\u015bli chrzest by\u0142 poza parafi\u0105 \u015awiadectwa z&#46;&#46;&#46;<\/p>\n","protected":false},"author":1,"featured_media":0,"parent":0,"menu_order":0,"comment_status":"closed","ping_status":"closed","template":"","meta":{"_eb_attr":"","footnotes":""},"class_list":["post-116","page","type-page","status-publish","hentry"],"_links":{"self":[{"href":"https:\/\/parafianiedzieliska.pl\/index.php?rest_route=\/wp\/v2\/pages\/116","targetHints":{"allow":["GET"]}}],"collection":[{"href":"https:\/\/parafianiedzieliska.pl\/index.php?rest_route=\/wp\/v2\/pages"}],"about":[{"href":"https:\/\/parafianiedzieliska.pl\/index.php?rest_route=\/wp\/v2\/types\/page"}],"author":[{"embeddable":true,"href":"https:\/\/parafianiedzieliska.pl\/index.php?rest_route=\/wp\/v2\/users\/1"}],"replies":[{"embeddable":true,"href":"https:\/\/parafianiedzieliska.pl\/index.php?rest_route=%2Fwp%2Fv2%2Fcomments&post=116"}],"version-history":[{"count":7,"href":"https:\/\/parafianiedzieliska.pl\/index.php?rest_route=\/wp\/v2\/pages\/116\/revisions"}],"predecessor-version":[{"id":263,"href":"https:\/\/parafianiedzieliska.pl\/index.php?rest_route=\/wp\/v2\/pages\/116\/revisions\/263"}],"wp:attachment":[{"href":"https:\/\/parafianiedzieliska.pl\/index.php?rest_route=%2Fwp%2Fv2%2Fmedia&parent=116"}],"curies":[{"name":"wp","href":"https:\/\/api.w.org\/{rel}","templated":true}]}}