{"id":112,"date":"2023-08-09T12:21:54","date_gmt":"2023-08-09T10:21:54","guid":{"rendered":"https:\/\/parafianiedzieliska.pl\/?page_id=112"},"modified":"2023-08-16T09:45:54","modified_gmt":"2023-08-16T07:45:54","slug":"najswietszy-sakrament-i-komunia-swieta","status":"publish","type":"page","link":"https:\/\/parafianiedzieliska.pl\/?page_id=112","title":{"rendered":"Naj\u015bwi\u0119tszy Sakrament (I Komunia \u015awi\u0119ta)"},"content":{"rendered":"\n<figure class=\"wp-block-image size-full is-resized\"><img loading=\"lazy\" decoding=\"async\" src=\"https:\/\/parafianiedzieliska.pl\/wp-content\/uploads\/2023\/08\/obraz_2023-08-16_094548216.png\" alt=\"\" class=\"wp-image-347\" style=\"width:282px;height:282px\" width=\"282\" height=\"282\" srcset=\"https:\/\/parafianiedzieliska.pl\/wp-content\/uploads\/2023\/08\/obraz_2023-08-16_094548216.png 225w, https:\/\/parafianiedzieliska.pl\/wp-content\/uploads\/2023\/08\/obraz_2023-08-16_094548216-150x150.png 150w, https:\/\/parafianiedzieliska.pl\/wp-content\/uploads\/2023\/08\/obraz_2023-08-16_094548216-80x80.png 80w\" sizes=\"auto, (max-width: 282px) 100vw, 282px\" \/><\/figure>\n\n\n\n<p>INFORMACJE OG\u00d3LNE<br>Do Komunii \u015bw. mo\u017ce przyst\u0105pi\u0107 ka\u017cdy, kto jest w<strong>\u00a0stanie \u0142aski u\u015bwi\u0119caj\u0105cej<\/strong>\u00a0(bez grzechu ci\u0119\u017ckiego). Istnieje zatem dogodna mo\u017cliwo\u015b\u0107 przyj\u0119cia Komunii \u015bw. podczas ka\u017cdej Mszy \u015bw. sprawowanej codziennie w ko\u015bciele. Zach\u0119camy r\u00f3wnie\u017c do\u00a0<strong>praktykowania tzw. \u201eKomunii duchowej\u201d<\/strong>\u00a0(pragnienie przyj\u0119cia Pana Jezusa) szczeg\u00f3lnie te osoby, kt\u00f3re w chwili obecnej maj\u0105 przeszkody do przyj\u0119cia Komunii \u015bw. w spos\u00f3b sakramentalny.<\/p>\n\n\n\n<p>REFLEKSJA<\/p>\n\n\n\n<p><a href=\"http:\/\/www.krakow.sercanie.pl\/images\/stories\/parafia\/sakramenty\/img_8018.jpg\"><\/a>Eucharystia jest &#8222;\u017ar\u00f3d\u0142em i zarazem szczytem ca\u0142ego \u017cycia chrze\u015bcija\u0144skiego&#8221;, tak \u017ce jest to wprost niemo\u017cliwe, aby prowadzi\u0107 \u017cycie chrze\u015bcija\u0144skie bez cz\u0119stego udzia\u0142u w Eucharystii. Chrystus Pan powiedzia\u0142 wyra\u017anie:<\/p>\n\n\n\n<p><em>&#8222;Je\u017celi nie b\u0119dziecie spo\u017cywali Cia\u0142a Syna Cz\u0142owieczego i nie b\u0119dziecie pili Krwi Jego, nie b\u0119dziecie mieli \u017cycia w sobie. Kto spo\u017cywa moje Cia\u0142o i pije moj\u0105 Krew, ma \u017cycie wieczne, a Ja go wskrzesz\u0119 w dniu ostatecznym&#8221; (J 6,53-54).<\/em><\/p>\n\n\n\n<p><em>Wszystkie sakramenty \u015bwi\u0119te, pos\u0142ugi ko\u015bcielne i dzie\u0142a apostolstwa s\u0105 \u015bci\u015ble powi\u0105zane z Eucharysti\u0105 i do niej zmierzaj\u0105. Eucharystia jest znakiem jedno\u015bci wiernych z Bogiem i bra\u0107mi. Jedno\u015b\u0107 t\u0119 oznacza i j\u0105 urzeczywistnia. Jest wi\u0119c skutecznym znakiem Bo\u017cego daru jedno\u015bci. W kazaniu o chlebie \u017cywym, jakie Jezus wyg\u0142osi\u0142 w Kafarnaum po rozmno\u017ceniu chleba, powiedzia\u0142 r\u00f3wnie\u017c:<\/em><\/p>\n\n\n\n<p><em>&#8222;Kto spo\u017cywa moje Cia\u0142o i Krew moj\u0105 pije, trwa we Mnie, a Ja w nim&#8221; (J 6,56).<\/em><\/p>\n\n\n\n<p><em>&#8222;Naj\u015bwi\u0119tsza Eucharystia dope\u0142nia wtajemniczenie chrze\u015bcija\u0144skie. Ci, kt\u00f3rzy przez chrzest zostali wyniesieni do godno\u015bci kr\u00f3lewskiego kap\u0142a\u0144stwa, a przez bierzmowanie zostali g\u0142\u0119biej upodobnieni do Chrystusa, za po\u015brednictwem Eucharystii uczestnicz\u0105 razem z ca\u0142\u0105 wsp\u00f3lnot\u0105 w ofierze Pana. Zbawiciel nasz podczas Ostatniej Wieczerzy, tej nocy, kiedy zosta\u0142 wydany, ustanowi\u0142 eucharystyczn\u0105 Ofiar\u0119 Cia\u0142a i Krwi swojej, aby w niej na ca\u0142e wieki, a\u017c do swego przyj\u015bcia, utrwali\u0107 Ofiar\u0119 Krzy\u017ca i tak umi\u0142owanej Oblubienicy &#8211; Ko\u015bcio\u0142owi powierzy\u0107 pami\u0105tk\u0119 swej M\u0119ki i Zmartwychwstania: sakrament mi\u0142osierdzia, znak jedno\u015bci, w\u0119ze\u0142 mi\u0142o\u015bci, uczt\u0119 paschaln\u0105, w kt\u00f3rej po\u017cywamy Chrystusa, w kt\u00f3rej dusza nape\u0142nia si\u0119 \u0142ask\u0105 i otrzymuje zadatek przysz\u0142ej chwa\u0142y &#8211; (KKK 1322-1323).<\/em><\/p>\n\n\n\n<p>Sakrament Eucharystii posiada wiele okre\u015ble\u0144, z kt\u00f3rych ka\u017cde ukazuje pewien aspekt tego sakramentu. I tak, nazywany jest:<em><\/em><\/p>\n\n\n\n<ul class=\"wp-block-list\">\n<li><strong><em>Eucharysti\u0105<\/em><\/strong>&nbsp;&#8211; gdy\u017c jest to dzi\u0119kczynienie sk\u0142adane wraz z Chrystusem Bogu Ojcu przez wiernych zjednoczonych darem Ducha \u015awi\u0119tego.<\/li>\n\n\n\n<li><strong><em>Wieczerz\u0105 Pa\u0144sk\u0105<\/em><\/strong>&nbsp;&#8211; poniewa\u017c jest to uobecnienie Ostatniej Wieczerzy, kt\u00f3r\u0105 Chrystus Pan spo\u017cy\u0142 wraz ze swymi uczniami i poleci\u0142 im j\u0105 sk\u0142ada\u0107 na Jego pami\u0105tk\u0119.<\/li>\n\n\n\n<li><strong><em>\u0141amaniem chleba<\/em><\/strong>&nbsp;&#8211; poniewa\u017c nazwa ta nawi\u0105zuje do cudu rozmno\u017cenia chleba i \u0142amania go na pustkowiu. To samo uczyni\u0142 Jezus w czasie Ostatniej Wieczerzy. Po tym ge\u015bcie uczniowie rozpoznaj\u0105 Zmartwychwsta\u0142ego Pana. Pierwsi chrze\u015bcijanie w ten spos\u00f3b okre\u015blali Msz\u0119 \u015bw., gdy\u017c gromadz\u0105c si\u0119 na polecenie Jezusa \u0142amali Chleb Eucharystyczny i spo\u017cywali go wchodz\u0105c we wsp\u00f3lnot\u0119 z Jezusem. W ten spos\u00f3b tworzyli z Jezusem jedno cia\u0142o &#8211; Ko\u015bci\u00f3\u0142.<\/li>\n\n\n\n<li><strong><em>Zgromadzeniem eucharystycznym<\/em><\/strong>&nbsp;&#8211; gdy\u017c Eucharystia celebrowana jest w zgromadzeniu wiernych, kt\u00f3re jest widzialnym znakiem obecno\u015bci Ko\u015bcio\u0142a.<\/li>\n\n\n\n<li><strong><em>Naj\u015bwi\u0119tsz\u0105 Ofiar\u0105<\/em><\/strong>&nbsp;&#8211; gdy\u017c uobecnia jedyn\u0105 ofiar\u0119, jak\u0105 Chrystus Pan z\u0142o\u017cy\u0142 na Krzy\u017cu za nas wszystkich i w\u0142\u0105cza w ni\u0105 ofiar\u0119 Ko\u015bcio\u0142a.<\/li>\n\n\n\n<li><strong><em>Naj\u015bwi\u0119tszym Sakramentem<\/em><\/strong>&nbsp;&#8211; szczeg\u00f3lnie to okre\u015blenie stosuje si\u0119 do postaci eucharystycznych przechowywanych w tabernakulum, gdy\u017c \u017cywy Chrystus jest obecny po\u015br\u00f3d swego ludu. Jest to wi\u0119c sakrament sakrament\u00f3w.<\/li>\n\n\n\n<li><strong><em>Komuni\u0105<\/em><\/strong>&nbsp;&#8211; nazywana jest r\u00f3wnie\u017c cz\u0119sto Eucharystia, a to dlatego, \u017ce spo\u017cywaj\u0105c Cia\u0142o i Krew Pa\u0144sk\u0105 pod postaciami chleba i wina, jednoczymy si\u0119 z Chrystusem i tworzymy z Nim jedno cia\u0142o.<\/li>\n\n\n\n<li><strong><em>Msz\u0105 \u015bwi\u0119t\u0105<\/em><\/strong>&nbsp;&#8211; okre\u015blany jest ten sakrament, poniewa\u017c liturgia, w czasie kt\u00f3rej sprawowany jest ten sakrament, ko\u0144czy si\u0119 rozes\u0142aniem wiernych, aby pe\u0142nili wol\u0119 Bo\u017c\u0105 w codziennym swoim \u017cyciu.<\/li>\n<\/ul>\n\n\n\n<p>Chrystus Pan ustanowi\u0142 wi\u0119c sakrament Eucharystii w Wieczerniku w czasie Ostatniej Wieczerzy, kiedy celebrowa\u0142 wraz z Aposto\u0142ami tradycyjn\u0105 Pasch\u0119 \u017cydowsk\u0105. Jezus uprzedzi\u0142 swoj\u0105 Pasch\u0119, czyli swoje przej\u015bcie poprzez M\u0119k\u0119, \u015amier\u0107 i Zmartwychwstanie do domu Ojca. To by\u0142a Pascha Jezusa, w czasie kt\u00f3rej siebie z\u0142o\u017cy\u0142 w ofierze jako Baranka niepokalanego za grzechy \u015bwiata. Poleci\u0142, aby Ko\u015bci\u00f3\u0142 sk\u0142ada\u0142, ponawia\u0142 t\u0119 Ofiar\u0119 na Jego pami\u0105tk\u0119.<\/p>\n\n\n\n<p>Ko\u015bci\u00f3\u0142 wierny poleceniu swego Zbawiciela czyni to przez wszystkie wieki i b\u0119dzie czyni\u0142 a\u017c do sko\u0144czenia \u015bwiata. Zasadniczo liturgia zgromadzenia eucharystycznego w jej zasadniczych ramach przetrwa\u0142a nienaruszona przez wieki a\u017c do naszych czas\u00f3w. Sk\u0142ada si\u0119 ona z obrz\u0119d\u00f3w wst\u0119pnych, z czytania s\u0142owa Bo\u017cego, przygotowania dar\u00f3w, modlitwy eucharystycznej, w czasie kt\u00f3rej dokonuje si\u0119 przemiana chleba i wina w Cia\u0142o i Krew Chrystusa, z Komunii \u015bwi\u0119tej i zako\u0144czenia.<\/p>\n\n\n\n<p>Chrze\u015bcijanie zbierali si\u0119&nbsp;<em>&#8222;na \u0142amanie chleba&#8221;<\/em>&nbsp;(Dz 20,7) szczeg\u00f3lnie w&nbsp;<em>&#8222;pierwszym dniu tygodnia&#8221;<\/em>, to znaczy w niedziel\u0119, w dniu zmartwychwstania Chrystusa. Od tamtych czas\u00f3w a\u017c do naszych dni celebruje si\u0119 Eucharysti\u0119, tak\u017ce dzisiaj spotykamy j\u0105 wsz\u0119dzie w Ko\u015bciele, w takiej samej podstawowej strukturze. Stanowi ona centrum \u017cycia Ko\u015bcio\u0142a.<\/p>\n\n\n\n<p>Ko\u015bci\u00f3\u0142 wierny poleceniu Jezusa&nbsp;<em>&#8222;To czy\u0144cie na moj\u0105 pami\u0105tk\u0119&#8221;<\/em>&nbsp;celebruje Eucharysti\u0119 nie tylko w niedziele, ale r\u00f3wnie\u017c ka\u017cdego dnia w ci\u0105gu roku. Jest ona \u017ar\u00f3d\u0142em i centrum jego \u017cycia i dzia\u0142alno\u015bci.<\/p>\n\n\n\n<p>&#8222;Pielgrzymuj\u0105cy Lud Bo\u017cy, nieustannie celebruje Eucharysti\u0119, g\u0142osz\u0105c Misterium Paschalne Jezusa,&nbsp;<em>&#8222;a\u017c przyjdzie&#8221; (l Kor 11,26),<\/em>&nbsp;zmierza&nbsp;<em>&#8222;w\u0105sk\u0105 drog\u0105 krzy\u017ca&#8221; do niebieskiej uczty, gdzie wszyscy wybrani zasi\u0105d\u0105 przy stole Kr\u00f3lestwa&#8221; (KKK 1344).<\/em><\/p>\n\n\n\n<p>Eucharystia winna r\u00f3wnie\u017c dla ka\u017cdej rodziny sta\u0107 si\u0119 i centrum i \u017ar\u00f3d\u0142em jej \u017cycia. Dobrze wi\u0119c by\u0142oby, aby rodziny wsp\u00f3lnie bra\u0142y udzia\u0142 w Eucharystii. Do owocnego udzia\u0142u w niedzielnej Mszy \u015bwi\u0119tej trzeba si\u0119 przygotowa\u0107. Najpierw nale\u017cy zadba\u0107 o to, by by\u0107 w stanie \u0142aski i m\u00f3c w niedziel\u0119 przyst\u0105pi\u0107 do Komunii \u015bwi\u0119tej, aby w pe\u0142ni uczestniczy\u0107 w liturgii.<\/p>\n","protected":false},"excerpt":{"rendered":"<p>INFORMACJE OG\u00d3LNEDo Komunii \u015bw. mo\u017ce przyst\u0105pi\u0107 ka\u017cdy, kto jest w\u00a0stanie \u0142aski u\u015bwi\u0119caj\u0105cej\u00a0(bez grzechu ci\u0119\u017ckiego). Istnieje zatem dogodna mo\u017cliwo\u015b\u0107 przyj\u0119cia Komunii \u015bw. podczas ka\u017cdej Mszy \u015bw. sprawowanej codziennie w ko\u015bciele. Zach\u0119camy r\u00f3wnie\u017c do\u00a0praktykowania tzw. \u201eKomunii&#46;&#46;&#46;<\/p>\n","protected":false},"author":1,"featured_media":0,"parent":0,"menu_order":0,"comment_status":"closed","ping_status":"closed","template":"","meta":{"_eb_attr":"","footnotes":""},"class_list":["post-112","page","type-page","status-publish","hentry"],"_links":{"self":[{"href":"https:\/\/parafianiedzieliska.pl\/index.php?rest_route=\/wp\/v2\/pages\/112","targetHints":{"allow":["GET"]}}],"collection":[{"href":"https:\/\/parafianiedzieliska.pl\/index.php?rest_route=\/wp\/v2\/pages"}],"about":[{"href":"https:\/\/parafianiedzieliska.pl\/index.php?rest_route=\/wp\/v2\/types\/page"}],"author":[{"embeddable":true,"href":"https:\/\/parafianiedzieliska.pl\/index.php?rest_route=\/wp\/v2\/users\/1"}],"replies":[{"embeddable":true,"href":"https:\/\/parafianiedzieliska.pl\/index.php?rest_route=%2Fwp%2Fv2%2Fcomments&post=112"}],"version-history":[{"count":3,"href":"https:\/\/parafianiedzieliska.pl\/index.php?rest_route=\/wp\/v2\/pages\/112\/revisions"}],"predecessor-version":[{"id":348,"href":"https:\/\/parafianiedzieliska.pl\/index.php?rest_route=\/wp\/v2\/pages\/112\/revisions\/348"}],"wp:attachment":[{"href":"https:\/\/parafianiedzieliska.pl\/index.php?rest_route=%2Fwp%2Fv2%2Fmedia&parent=112"}],"curies":[{"name":"wp","href":"https:\/\/api.w.org\/{rel}","templated":true}]}}