{"id":108,"date":"2023-08-09T12:20:13","date_gmt":"2023-08-09T10:20:13","guid":{"rendered":"https:\/\/parafianiedzieliska.pl\/?page_id=108"},"modified":"2023-08-10T13:07:45","modified_gmt":"2023-08-10T11:07:45","slug":"chrzest","status":"publish","type":"page","link":"https:\/\/parafianiedzieliska.pl\/?page_id=108","title":{"rendered":"Chrzest \u015awi\u0119ty"},"content":{"rendered":"\n<figure class=\"wp-block-image size-full is-resized\"><img loading=\"lazy\" decoding=\"async\" src=\"http:\/\/parafianiedzieliska.pl\/wp-content\/uploads\/2023\/08\/obraz_2023-08-10_130729695.png\" alt=\"\" class=\"wp-image-217\" style=\"width:203px;height:245px\" width=\"203\" height=\"245\" srcset=\"https:\/\/parafianiedzieliska.pl\/wp-content\/uploads\/2023\/08\/obraz_2023-08-10_130729695.png 394w, https:\/\/parafianiedzieliska.pl\/wp-content\/uploads\/2023\/08\/obraz_2023-08-10_130729695-248x300.png 248w\" sizes=\"auto, (max-width: 203px) 100vw, 203px\" \/><\/figure>\n\n\n\n<p>ZAPISYWANIE DZIECKA<\/p>\n\n\n\n<p>Potrzebne dokumenty:<\/p>\n\n\n\n<p>Akt urodzenia dziecka<\/p>\n\n\n\n<p>Wyb\u00f3r \u201cw\u0142a\u015bciwych\u201d rodzic\u00f3w chrzestnych (wierz\u0105cych i praktykuj\u0105cych)<\/p>\n\n\n\n<p>Potrzebne dane:<\/p>\n\n\n\n<p>Data \u015blubu ko\u015bcielnego rodzic\u00f3w dziecka<\/p>\n\n\n\n<p>Daty i miejsca urodzenia rodzic\u00f3w dziecka<\/p>\n\n\n\n<p>Adresy zamieszkania rodzic\u00f3w chrzestnych<\/p>\n","protected":false},"excerpt":{"rendered":"<p>ZAPISYWANIE DZIECKA Potrzebne dokumenty: Akt urodzenia dziecka Wyb\u00f3r \u201cw\u0142a\u015bciwych\u201d rodzic\u00f3w chrzestnych (wierz\u0105cych i praktykuj\u0105cych) Potrzebne dane: Data \u015blubu ko\u015bcielnego rodzic\u00f3w dziecka Daty i miejsca urodzenia rodzic\u00f3w dziecka Adresy zamieszkania rodzic\u00f3w chrzestnych<\/p>\n","protected":false},"author":1,"featured_media":0,"parent":0,"menu_order":0,"comment_status":"closed","ping_status":"closed","template":"","meta":{"_eb_attr":"","footnotes":""},"class_list":["post-108","page","type-page","status-publish","hentry"],"_links":{"self":[{"href":"https:\/\/parafianiedzieliska.pl\/index.php?rest_route=\/wp\/v2\/pages\/108","targetHints":{"allow":["GET"]}}],"collection":[{"href":"https:\/\/parafianiedzieliska.pl\/index.php?rest_route=\/wp\/v2\/pages"}],"about":[{"href":"https:\/\/parafianiedzieliska.pl\/index.php?rest_route=\/wp\/v2\/types\/page"}],"author":[{"embeddable":true,"href":"https:\/\/parafianiedzieliska.pl\/index.php?rest_route=\/wp\/v2\/users\/1"}],"replies":[{"embeddable":true,"href":"https:\/\/parafianiedzieliska.pl\/index.php?rest_route=%2Fwp%2Fv2%2Fcomments&post=108"}],"version-history":[{"count":5,"href":"https:\/\/parafianiedzieliska.pl\/index.php?rest_route=\/wp\/v2\/pages\/108\/revisions"}],"predecessor-version":[{"id":219,"href":"https:\/\/parafianiedzieliska.pl\/index.php?rest_route=\/wp\/v2\/pages\/108\/revisions\/219"}],"wp:attachment":[{"href":"https:\/\/parafianiedzieliska.pl\/index.php?rest_route=%2Fwp%2Fv2%2Fmedia&parent=108"}],"curies":[{"name":"wp","href":"https:\/\/api.w.org\/{rel}","templated":true}]}}